{"id":61,"date":"2026-03-16T09:44:59","date_gmt":"2026-03-16T09:44:59","guid":{"rendered":"https:\/\/aalberts-ips.dk\/?page_id=61"},"modified":"2026-03-19T15:40:21","modified_gmt":"2026-03-19T15:40:21","slug":"homepage","status":"publish","type":"page","link":"https:\/\/aalberts-ips.dk\/","title":{"rendered":"Homepage"},"content":{"rendered":"\t\t<div data-elementor-type=\"wp-page\" data-elementor-id=\"61\" class=\"elementor elementor-61\" data-elementor-post-type=\"page\">\n\t\t\t\t<div class=\"elementor-element elementor-element-165a757 e-flex e-con-boxed e-con e-parent\" data-id=\"165a757\" data-element_type=\"container\" data-e-type=\"container\" data-settings=\"{&quot;background_background&quot;:&quot;classic&quot;}\">\n\t\t\t\t\t<div class=\"e-con-inner\">\n\t\t<div class=\"elementor-element elementor-element-f0abb2f e-con-full e-flex e-con e-child\" data-id=\"f0abb2f\" data-element_type=\"container\" data-e-type=\"container\">\n\t\t<div class=\"elementor-element elementor-element-8a8d7be e-con-full e-flex e-con e-child\" data-id=\"8a8d7be\" data-element_type=\"container\" data-e-type=\"container\">\n\t\t\t\t<div class=\"elementor-element elementor-element-6618ef0 elementor-widget elementor-widget-theme-site-logo elementor-widget-image\" data-id=\"6618ef0\" data-element_type=\"widget\" data-e-type=\"widget\" data-widget_type=\"theme-site-logo.default\">\n\t\t\t\t\t\t\t\t\t\t\t<a href=\"https:\/\/aalberts-ips.dk\">\n\t\t\t<img decoding=\"async\" width=\"164\" height=\"60\" src=\"https:\/\/aalberts-ips.dk\/wp-content\/uploads\/2026\/03\/aal-ips-logo.svg\" class=\"attachment-full size-full wp-image-72\" alt=\"\" \/>\t\t\t\t<\/a>\n\t\t\t\t\t\t\t\t\t\t\t<\/div>\n\t\t\t\t<\/div>\n\t\t<div class=\"elementor-element elementor-element-e297fe9 e-con-full e-flex e-con e-child\" data-id=\"e297fe9\" data-element_type=\"container\" data-e-type=\"container\">\n\t\t\t\t<\/div>\n\t\t\t\t<\/div>\n\t\t<div class=\"elementor-element elementor-element-cd0a0fe e-con-full e-flex e-con e-child\" data-id=\"cd0a0fe\" data-element_type=\"container\" data-e-type=\"container\">\n\t\t\t\t<div class=\"elementor-element elementor-element-81d592e elementor-widget elementor-widget-heading\" data-id=\"81d592e\" data-element_type=\"widget\" data-e-type=\"widget\" data-widget_type=\"heading.default\">\n\t\t\t\t\t<h1 class=\"elementor-heading-title elementor-size-default\">Aalberts Integrated Piping Systems \u2013 Danmark\n<\/h1>\t\t\t\t<\/div>\n\t\t\t\t<div class=\"elementor-element elementor-element-18676a3 elementor-widget elementor-widget-heading\" data-id=\"18676a3\" data-element_type=\"widget\" data-e-type=\"widget\" data-widget_type=\"heading.default\">\n\t\t\t\t\t<h2 class=\"elementor-heading-title elementor-size-default\">Vi lancerer snart vores officielle danske website<\/h2>\t\t\t\t<\/div>\n\t\t\t\t<\/div>\n\t\t\t\t\t<\/div>\n\t\t\t\t<\/div>\n\t\t<div class=\"elementor-element elementor-element-3334189 e-flex e-con-boxed e-con e-parent\" data-id=\"3334189\" data-element_type=\"container\" data-e-type=\"container\">\n\t\t\t\t\t<div class=\"e-con-inner\">\n\t\t<div class=\"elementor-element elementor-element-391f214 e-grid e-con-full e-con e-child\" data-id=\"391f214\" data-element_type=\"container\" data-e-type=\"container\">\n\t\t<div class=\"elementor-element elementor-element-3ea4087 e-con-full e-flex e-con e-child\" data-id=\"3ea4087\" data-element_type=\"container\" data-e-type=\"container\">\n\t\t\t\t<div class=\"elementor-element elementor-element-3313919 elementor-widget-tablet_extra__width-initial elementor-widget elementor-widget-text-editor\" data-id=\"3313919\" data-element_type=\"widget\" data-e-type=\"widget\" data-widget_type=\"text-editor.default\">\n\t\t\t\t\t\t\t\t\t<p>Velkommen til&nbsp;<strong>Aalberts integrated piping systems<\/strong>. Vi arbejder i \u00f8jeblikket p\u00e5 at lancere et nyt og dedikeret website for vores kunder i Danmark.<\/p>\n<p>Vores kommende website vil give dig et samlet overblik over vores l\u00f8sninger inden for integrerede r\u00f8rsystemer \u2013 med fokus p\u00e5 kvalitet, p\u00e5lidelighed og innovation til professionelle installationer.<\/p>\t\t\t\t\t\t\t\t<\/div>\n\t\t<div class=\"elementor-element elementor-element-747e2df e-con-full e-flex e-con e-child\" data-id=\"747e2df\" data-element_type=\"container\" data-e-type=\"container\">\n\t\t\t\t<div class=\"elementor-element elementor-element-791b2dd elementor-widget elementor-widget-heading\" data-id=\"791b2dd\" data-element_type=\"widget\" data-e-type=\"widget\" data-widget_type=\"heading.default\">\n\t\t\t\t\t<h3 class=\"elementor-heading-title elementor-size-default\">Lancering f\u00f8lger snart<\/h3>\t\t\t\t<\/div>\n\t\t\t\t<div class=\"elementor-element elementor-element-683600c elementor-widget elementor-widget-text-editor\" data-id=\"683600c\" data-element_type=\"widget\" data-e-type=\"widget\" data-widget_type=\"text-editor.default\">\n\t\t\t\t\t\t\t\t\t<p>Indtil da er denne side en midlertidig informationsside.<\/p>\t\t\t\t\t\t\t\t<\/div>\n\t\t<div class=\"elementor-element elementor-element-86c78c4 e-con-full e-flex e-con e-child\" data-id=\"86c78c4\" data-element_type=\"container\" data-e-type=\"container\">\n\t\t\t\t<div class=\"elementor-element elementor-element-a243055 elementor-widget elementor-widget-heading\" data-id=\"a243055\" data-element_type=\"widget\" data-e-type=\"widget\" data-widget_type=\"heading.default\">\n\t\t\t\t\t<h3 class=\"elementor-heading-title elementor-size-default\">Vil du vide mere allerede nu?<\/h3>\t\t\t\t<\/div>\n\t\t\t\t<div class=\"elementor-element elementor-element-a13314b elementor-widget elementor-widget-text-editor\" data-id=\"a13314b\" data-element_type=\"widget\" data-e-type=\"widget\" data-widget_type=\"text-editor.default\">\n\t\t\t\t\t\t\t\t\tHvis du \u00f8nsker at l\u00e6re mere om\u00a0<strong>Aalberts Integrated Piping Systems\u2019<\/strong>\u00a0produktportef\u00f8lje, systeml\u00f8sninger og anvendelsesomr\u00e5der, er du meget velkommen til at bes\u00f8ge vores engelske website:\t\t\t\t\t\t\t\t<\/div>\n\t\t\t\t<div class=\"elementor-element elementor-element-5ce5b51 elementor-widget elementor-widget-button\" data-id=\"5ce5b51\" data-element_type=\"widget\" data-e-type=\"widget\" data-widget_type=\"button.default\">\n\t\t\t\t\t\t\t\t\t\t<a class=\"elementor-button elementor-button-link elementor-size-sm\" href=\"https:\/\/aalberts-ips.eu\/\" target=\"_blank\">\n\t\t\t\t\t\t<span class=\"elementor-button-content-wrapper\">\n\t\t\t\t\t\t\t\t\t<span class=\"elementor-button-text\">Aalberts IPS EU<\/span>\n\t\t\t\t\t<\/span>\n\t\t\t\t\t<\/a>\n\t\t\t\t\t\t\t\t<\/div>\n\t\t\t\t<\/div>\n\t\t\t\t<\/div>\n\t\t\t\t<\/div>\n\t\t<div class=\"elementor-element elementor-element-5ba6737 e-con-full e-flex e-con e-child\" data-id=\"5ba6737\" data-element_type=\"container\" data-e-type=\"container\">\n\t\t<div class=\"elementor-element elementor-element-4fcae69 e-con-full e-flex e-con e-child\" data-id=\"4fcae69\" data-element_type=\"container\" data-e-type=\"container\">\n\t\t<div class=\"elementor-element elementor-element-a1a1d31 e-con-full e-flex e-con e-child\" data-id=\"a1a1d31\" data-element_type=\"container\" data-e-type=\"container\">\n\t\t<div class=\"elementor-element elementor-element-6b48cf2 e-con-full e-flex e-con e-child\" data-id=\"6b48cf2\" data-element_type=\"container\" data-e-type=\"container\">\n\t\t\t\t<div class=\"elementor-element elementor-element-9b189bb elementor-widget elementor-widget-heading\" data-id=\"9b189bb\" data-element_type=\"widget\" data-e-type=\"widget\" data-widget_type=\"heading.default\">\n\t\t\t\t\t<h3 class=\"elementor-heading-title elementor-size-default\">kontakt<\/h3>\t\t\t\t<\/div>\n\t\t\t\t<div class=\"elementor-element elementor-element-ca09265 elementor-widget elementor-widget-heading\" data-id=\"ca09265\" data-element_type=\"widget\" data-e-type=\"widget\" data-widget_type=\"heading.default\">\n\t\t\t\t\t<span class=\"elementor-heading-title elementor-size-default\">Har du sp\u00f8rgsm\u00e5l, eller \u00f8nsker du personlig kontakt i mellemtiden, er du velkommen til at kontakte:<\/span>\t\t\t\t<\/div>\n\t\t\t\t<\/div>\n\t\t<div class=\"elementor-element elementor-element-3baaa0a e-con-full e-flex e-con e-child\" data-id=\"3baaa0a\" data-element_type=\"container\" data-e-type=\"container\">\n\t\t<div class=\"elementor-element elementor-element-2ae415c e-con-full e-flex e-con e-child\" data-id=\"2ae415c\" data-element_type=\"container\" data-e-type=\"container\">\n\t\t\t\t<div class=\"elementor-element elementor-element-041eeb7 elementor-widget elementor-widget-heading\" data-id=\"041eeb7\" data-element_type=\"widget\" data-e-type=\"widget\" data-widget_type=\"heading.default\">\n\t\t\t\t\t<span class=\"elementor-heading-title elementor-size-default\">Jesper H\u00f8jen Laage<\/span>\t\t\t\t<\/div>\n\t\t\t\t<div class=\"elementor-element elementor-element-e721421 elementor-widget elementor-widget-heading\" data-id=\"e721421\" data-element_type=\"widget\" data-e-type=\"widget\" data-widget_type=\"heading.default\">\n\t\t\t\t\t<span class=\"elementor-heading-title elementor-size-default\">Salgschef Danmark<\/span>\t\t\t\t<\/div>\n\t\t\t\t<\/div>\n\t\t\t\t<div class=\"elementor-element elementor-element-0cf4073 elementor-icon-list--layout-traditional elementor-list-item-link-full_width elementor-widget elementor-widget-icon-list\" data-id=\"0cf4073\" data-element_type=\"widget\" data-e-type=\"widget\" data-widget_type=\"icon-list.default\">\n\t\t\t\t\t\t\t<ul class=\"elementor-icon-list-items\">\n\t\t\t\t\t\t\t<li class=\"elementor-icon-list-item\">\n\t\t\t\t\t\t\t\t\t\t\t<a href=\"tel:%20+4523401039\" target=\"_blank\">\n\n\t\t\t\t\t\t\t\t\t\t\t\t<span class=\"elementor-icon-list-icon\">\n\t\t\t\t\t\t\t<i aria-hidden=\"true\" class=\"aalbertsips-icon- aalberts-ips-icon-Phone\"><\/i>\t\t\t\t\t\t<\/span>\n\t\t\t\t\t\t\t\t\t\t<span class=\"elementor-icon-list-text\">+4523401039<\/span>\n\t\t\t\t\t\t\t\t\t\t\t<\/a>\n\t\t\t\t\t\t\t\t\t<\/li>\n\t\t\t\t\t\t\t\t<li class=\"elementor-icon-list-item\">\n\t\t\t\t\t\t\t\t\t\t\t<a href=\"mailto:%20Jesper.HoejenLaage@aalberts-ips.com\" target=\"_blank\">\n\n\t\t\t\t\t\t\t\t\t\t\t\t<span class=\"elementor-icon-list-icon\">\n\t\t\t\t\t\t\t<i aria-hidden=\"true\" class=\"aalbertsips-icon- aalberts-ips-icon-Email\"><\/i>\t\t\t\t\t\t<\/span>\n\t\t\t\t\t\t\t\t\t\t<span class=\"elementor-icon-list-text\">Jesper.HoejenLaage@aalberts-ips.com<\/span>\n\t\t\t\t\t\t\t\t\t\t\t<\/a>\n\t\t\t\t\t\t\t\t\t<\/li>\n\t\t\t\t\t\t<\/ul>\n\t\t\t\t\t\t<\/div>\n\t\t\t\t<\/div>\n\t\t\t\t<\/div>\n\t\t\t\t<\/div>\n\t\t\t\t<\/div>\n\t\t\t\t<\/div>\n\t\t\t\t\t<\/div>\n\t\t\t\t<\/div>\n\t\t\t\t<\/div>\n\t\t","protected":false},"excerpt":{"rendered":"<p>Aalberts Integrated Piping Systems \u2013 Danmark Vi lancerer snart vores officielle danske website Velkommen til&nbsp;Aalberts integrated piping systems. Vi arbejder i \u00f8jeblikket p\u00e5 at lancere et nyt og dedikeret website for vores kunder i Danmark. Vores kommende website vil give dig et samlet overblik over vores l\u00f8sninger inden for integrerede r\u00f8rsystemer \u2013 med fokus p\u00e5 [&hellip;]<\/p>\n","protected":false},"author":1,"featured_media":0,"parent":0,"menu_order":0,"comment_status":"closed","ping_status":"closed","template":"elementor_canvas","meta":{"_acf_changed":false,"content-type":"","footnotes":""},"class_list":["post-61","page","type-page","status-publish","hentry"],"acf":[],"_links":{"self":[{"href":"https:\/\/aalberts-ips.dk\/index.php\/wp-json\/wp\/v2\/pages\/61","targetHints":{"allow":["GET"]}}],"collection":[{"href":"https:\/\/aalberts-ips.dk\/index.php\/wp-json\/wp\/v2\/pages"}],"about":[{"href":"https:\/\/aalberts-ips.dk\/index.php\/wp-json\/wp\/v2\/types\/page"}],"author":[{"embeddable":true,"href":"https:\/\/aalberts-ips.dk\/index.php\/wp-json\/wp\/v2\/users\/1"}],"replies":[{"embeddable":true,"href":"https:\/\/aalberts-ips.dk\/index.php\/wp-json\/wp\/v2\/comments?post=61"}],"version-history":[{"count":85,"href":"https:\/\/aalberts-ips.dk\/index.php\/wp-json\/wp\/v2\/pages\/61\/revisions"}],"predecessor-version":[{"id":173,"href":"https:\/\/aalberts-ips.dk\/index.php\/wp-json\/wp\/v2\/pages\/61\/revisions\/173"}],"wp:attachment":[{"href":"https:\/\/aalberts-ips.dk\/index.php\/wp-json\/wp\/v2\/media?parent=61"}],"curies":[{"name":"wp","href":"https:\/\/api.w.org\/{rel}","templated":true}]}}